{"id":85,"date":"2017-04-04T14:39:29","date_gmt":"2017-04-04T14:39:29","guid":{"rendered":"http:\/\/kiga-neuenheim.org\/?page_id=85"},"modified":"2025-08-21T14:47:08","modified_gmt":"2025-08-21T12:47:08","slug":"verpflegung","status":"publish","type":"page","link":"http:\/\/kiga-neuenheim.de\/?page_id=85","title":{"rendered":"Verpflegung"},"content":{"rendered":"<p>Mit dem gemeinsamen Fr\u00fchst\u00fcck findet die erste Mahlzeit des Tages um ca. 9:00 Uhr in den Gruppen statt. Die Kinder essen ihre selbst mitgebrachten Fr\u00fchst\u00fcckssnacks: Brote, Obst, M\u00fcsli, etc. Tee und Wasser sowie Milch f\u00fcr das M\u00fcsli stellt der Kindergarten zur Verf\u00fcgung.<\/p>\n<p>Eine K\u00fcchenkraft sorgt dann t\u00e4glich f\u00fcr ein frisch zubereitetes Mittagessen, soweit m\u00f6glich werden daf\u00fcr Zutaten aus kontrolliert biologischem Anbau verwendet.&nbsp;<\/p>\n<p>F\u00fcr Kinder mit besonderen Essensgewohnheiten oder Unvertr\u00e4glichkeiten bereitet die K\u00fcchenkraft z.B. veregtarisches oder laktosfreies Essen zu. Mittagessenszeit ist zwischen 12:15 und 13:00 Uhr.<\/p>\n<p>Um ca. 15:00 Uhr gibt es dann noch ein kleines Nachmittagsvesper, dass die Kinder ebenfalls selbst mitbringen.<\/p>\n","protected":false},"excerpt":{"rendered":"<p>Mit dem gemeinsamen Fr\u00fchst\u00fcck findet die erste Mahlzeit des Tages um ca. 9:00 Uhr in den Gruppen statt. Die Kinder essen ihre selbst mitgebrachten Fr\u00fchst\u00fcckssnacks: Brote, Obst, M\u00fcsli, etc. Tee und Wasser sowie Milch f\u00fcr das M\u00fcsli stellt der Kindergarten zur Verf\u00fcgung. Eine K\u00fcchenkraft sorgt dann t\u00e4glich f\u00fcr ein frisch zubereitetes Mittagessen, soweit m\u00f6glich werden [&hellip;]<\/p>\n","protected":false},"author":1,"featured_media":0,"parent":0,"menu_order":6,"comment_status":"closed","ping_status":"closed","template":"","meta":{"ngg_post_thumbnail":0,"footnotes":""},"class_list":["post-85","page","type-page","status-publish","hentry"],"_links":{"self":[{"href":"http:\/\/kiga-neuenheim.de\/index.php?rest_route=\/wp\/v2\/pages\/85","targetHints":{"allow":["GET"]}}],"collection":[{"href":"http:\/\/kiga-neuenheim.de\/index.php?rest_route=\/wp\/v2\/pages"}],"about":[{"href":"http:\/\/kiga-neuenheim.de\/index.php?rest_route=\/wp\/v2\/types\/page"}],"author":[{"embeddable":true,"href":"http:\/\/kiga-neuenheim.de\/index.php?rest_route=\/wp\/v2\/users\/1"}],"replies":[{"embeddable":true,"href":"http:\/\/kiga-neuenheim.de\/index.php?rest_route=%2Fwp%2Fv2%2Fcomments&post=85"}],"version-history":[{"count":8,"href":"http:\/\/kiga-neuenheim.de\/index.php?rest_route=\/wp\/v2\/pages\/85\/revisions"}],"predecessor-version":[{"id":503,"href":"http:\/\/kiga-neuenheim.de\/index.php?rest_route=\/wp\/v2\/pages\/85\/revisions\/503"}],"wp:attachment":[{"href":"http:\/\/kiga-neuenheim.de\/index.php?rest_route=%2Fwp%2Fv2%2Fmedia&parent=85"}],"curies":[{"name":"wp","href":"https:\/\/api.w.org\/{rel}","templated":true}]}}