{"id":87,"date":"2017-04-04T14:43:16","date_gmt":"2017-04-04T14:43:16","guid":{"rendered":"http:\/\/kiga-neuenheim.org\/?page_id=87"},"modified":"2025-01-23T15:36:09","modified_gmt":"2025-01-23T13:36:09","slug":"auf-einen-blick","status":"publish","type":"page","link":"http:\/\/kiga-neuenheim.de\/?page_id=87","title":{"rendered":"Auf einen Blick &#8211;         Personal, Gruppen &#038; \u00d6ffnungszeiten"},"content":{"rendered":"<h2>Einrichtungsleitung<\/h2>\n<p>C. Kaess ( BA soziale Arbeit)<\/p>\n<h2>Das p\u00e4dagogische Team<\/h2>\n<table border=\"0\" cellspacing=\"0\" cellpadding=\"2\"><colgroup> <col width=\"50\"> <col width=\"400\"><\/colgroup>\n<tbody>\n<tr>\n<td>1<\/td>\n<td>Leitung in Vollzeit<\/td>\n<\/tr>\n<tr>\n<td>7<\/td>\n<td>p\u00e4dagogische Fachkr\u00e4fte in Vollzeit<\/td>\n<\/tr>\n<tr>\n<td>1<\/td>\n<td>p\u00e4dagogische Fachkr\u00e4fte in Teilzeit<\/td>\n<\/tr>\n<tr>\n<td>1<\/td>\n<td>Aushilfe in Vollzeit&nbsp;<\/td>\n<\/tr>\n<tr>\n<td>&nbsp;<\/td>\n<td>&nbsp;<\/td>\n<\/tr>\n<tr>\n<td>1<\/td>\n<td>B\u00fcrofachkraft ( 3Vormittage im Monat)<\/td>\n<\/tr>\n<tr>\n<td>2<\/td>\n<td>K\u00fcchenkraft<\/td>\n<\/tr>\n<\/tbody>\n<\/table>\n<h2>Die Gruppen<\/h2>\n<p>Drei altersgemischte Gruppen mit je nur <strong>15<\/strong> Kindern!<\/p>\n<p><strong><span style=\"color: #3366ff;\">Regenbogen,<\/span> <span style=\"color: #339966;\">Drachen<\/span> <span style=\"color: #000000;\">&amp;<\/span><\/strong> <strong><span style=\"color: #ff0000;\">Wurzelkinder<\/span><\/strong><\/p>\n<h2>Unsere \u00d6ffnungszeiten<\/h2>\n<table border=\"0\" cellspacing=\"2\" cellpadding=\"0\"><colgroup> <col width=\"250\"> <col width=\"400\"><\/colgroup>\n<tbody>\n<tr>\n<td>Montag &#8211; Donnerstag<\/td>\n<td>7:30 Uhr &#8211; 17:00 Uhr<\/td>\n<\/tr>\n<tr>\n<td>Freitag<\/td>\n<td>7:30 Uhr &#8211; 16:30 Uhr<\/td>\n<\/tr>\n<\/tbody>\n<\/table>\n\n\n<p><\/p>\n","protected":false},"excerpt":{"rendered":"<p>Einrichtungsleitung C. Kaess ( BA soziale Arbeit) Das p\u00e4dagogische Team 1 Leitung in Vollzeit 7 p\u00e4dagogische Fachkr\u00e4fte in Vollzeit 1 p\u00e4dagogische Fachkr\u00e4fte in Teilzeit 1 Aushilfe in Vollzeit&nbsp; &nbsp; &nbsp; 1 B\u00fcrofachkraft ( 3Vormittage im Monat) 2 K\u00fcchenkraft Die Gruppen Drei altersgemischte Gruppen mit je nur 15 Kindern! Regenbogen, Drachen &amp; Wurzelkinder Unsere \u00d6ffnungszeiten Montag [&hellip;]<\/p>\n","protected":false},"author":1,"featured_media":60,"parent":0,"menu_order":3,"comment_status":"closed","ping_status":"closed","template":"","meta":{"ngg_post_thumbnail":0,"footnotes":""},"class_list":["post-87","page","type-page","status-publish","has-post-thumbnail","hentry"],"_links":{"self":[{"href":"http:\/\/kiga-neuenheim.de\/index.php?rest_route=\/wp\/v2\/pages\/87","targetHints":{"allow":["GET"]}}],"collection":[{"href":"http:\/\/kiga-neuenheim.de\/index.php?rest_route=\/wp\/v2\/pages"}],"about":[{"href":"http:\/\/kiga-neuenheim.de\/index.php?rest_route=\/wp\/v2\/types\/page"}],"author":[{"embeddable":true,"href":"http:\/\/kiga-neuenheim.de\/index.php?rest_route=\/wp\/v2\/users\/1"}],"replies":[{"embeddable":true,"href":"http:\/\/kiga-neuenheim.de\/index.php?rest_route=%2Fwp%2Fv2%2Fcomments&post=87"}],"version-history":[{"count":38,"href":"http:\/\/kiga-neuenheim.de\/index.php?rest_route=\/wp\/v2\/pages\/87\/revisions"}],"predecessor-version":[{"id":495,"href":"http:\/\/kiga-neuenheim.de\/index.php?rest_route=\/wp\/v2\/pages\/87\/revisions\/495"}],"wp:featuredmedia":[{"embeddable":true,"href":"http:\/\/kiga-neuenheim.de\/index.php?rest_route=\/wp\/v2\/media\/60"}],"wp:attachment":[{"href":"http:\/\/kiga-neuenheim.de\/index.php?rest_route=%2Fwp%2Fv2%2Fmedia&parent=87"}],"curies":[{"name":"wp","href":"https:\/\/api.w.org\/{rel}","templated":true}]}}