{"id":16,"date":"2017-04-04T13:48:03","date_gmt":"2017-04-04T13:48:03","guid":{"rendered":"http:\/\/kiga-neuenheim.org\/?page_id=16"},"modified":"2025-01-23T15:33:24","modified_gmt":"2025-01-23T13:33:24","slug":"unser-tag","status":"publish","type":"page","link":"https:\/\/kiga-neuenheim.de\/?page_id=16","title":{"rendered":"Ein bunter Tag im Kindergarten Neuenheim e.V."},"content":{"rendered":"<p>Ab 7:30 k\u00f6nnen wir in den Kindergarten. Solange wir nur ein paar Kinder sind spielen wir zusammen, in der Gruppe die Fr\u00fchdienst hat.<\/p>\n<p>Den Vormittag verbringen wir in unserer eigenen Gruppe, k\u00f6nnen aber auch zu Besuch in die anderen. Wir haben viel Zeit frei zu spielen und entscheiden weitgehend selbst was wir machen m\u00f6chten. Von&nbsp; 8:30 Uhr bis 10:30 k\u00f6nnen wir entscheiden, wann, wie oft, mit wem und wie lange wir&nbsp; fr\u00fchst\u00fccken wollen. Danach gibt es ganz viel Freispiel und immer wieder Gruppen\u00fcbergreifende Angebote.&nbsp;<\/p>\n<p>Immer wieder gibt es Projekte im Kindergarten, bei denen wir uns intensiv mit einem bestimmten Thema besch\u00e4ftigen: mit dem Garten ,Tieren, mit Gef\u00fchlen oder Fahrzeugen zum Beispiel. Dazu basteln wir, besch\u00e4ftigen uns mit Geschichten und Bilderb\u00fcchern, spielen und forschen.<\/p>\n<p>Dazwischen gibt es auch immer wieder Zeit f\u00fcr einen Ausflug zu einem nah gelegenen Spielplatz oder passend zum Projekt zu anderen Orten, wie zum Beispiel ins Theater, den Zoo oder zur G\u00e4rtnerei.<\/p>\n<p>Durch eine Kooperation mit der Ballschule, haben wir die M\u00f6glichkeit an zwei Tagen in Kleingruppen uns zus\u00e4tzlich zu viel Bewegung im Garten auch im Turnraum auszutoben. An weiteren Tagen gehen manche Kinder von uns zur Vorschule, Schwimmen oder zu spontanen und geplanten Angeboten.&nbsp;<\/p>\n<p>Wir gehen alle jeden Tag mindestens einmal raus in den Garten und toben, spielen und forschen in der frischen Luft. Bei gutem Wetter oft auch h\u00e4ufiger und l\u00e4nger.<\/p>\n<p>Zwischen 12:15 und 13:00 Uhr knurrt dann der Magen und es ist Zeit f\u00fcr ein gesundes und leckeres Mittagessen, welches von unserer K\u00f6chin frisch zubereitet wird.<\/p>\n<p>Nach dem Mittagessen gibt es auch zusammen mit Kindern aus anderen Gruppen eine kleine Ruhezeit in der wir abschalten und neue Energie tanken k\u00f6nnen. Wir k\u00f6nnen ein ruhiges Spiel spielen, eine Geschichte h\u00f6ren, malen oder uns bei einer Fantasiereise in Geschichten tr\u00e4umen. Wir entscheiden frei nach unseren Bed\u00fcrfnissen, in welche Ruhezeit wir gehen m\u00f6chten.<\/p>\n<p>Und dann geht es bei fast jedem Wetter wieder in den Garten. Wir spielen, graben, klettern, rutschen ,rennen, springen, buddeln, malen und vieles mehr. Um 15:00 gibt es f\u00fcr uns dann nochmal, drau\u00dfen oder drinnen, je nach Jahreszeit und Temperatur eine kleine Vesperpause. Bis zum Ende unseres Kindergartentages k\u00f6nnen wir entweder weiter den Garten unsicher machen oder wenn wir uns drinnen aufhalten, spielen, malen, kuscheln, vorlesen, bauen und was uns sonst noch so einf\u00e4llt. Bis wir um 17:00Uhr ( Freitags 16:30Uhr)abgeholt werden.&nbsp;<\/p>\n<p>&nbsp;<\/p>\n","protected":false},"excerpt":{"rendered":"<p>Ab 7:30 k\u00f6nnen wir in den Kindergarten. Solange wir nur ein paar Kinder sind spielen wir zusammen, in der Gruppe die Fr\u00fchdienst hat. Den Vormittag verbringen wir in unserer eigenen Gruppe, k\u00f6nnen aber auch zu Besuch in die anderen. Wir haben viel Zeit frei zu spielen und entscheiden weitgehend selbst was wir machen m\u00f6chten. Von&nbsp; [&hellip;]<\/p>\n","protected":false},"author":1,"featured_media":75,"parent":0,"menu_order":4,"comment_status":"closed","ping_status":"closed","template":"","meta":{"ngg_post_thumbnail":0,"footnotes":""},"class_list":["post-16","page","type-page","status-publish","has-post-thumbnail","hentry"],"_links":{"self":[{"href":"https:\/\/kiga-neuenheim.de\/index.php?rest_route=\/wp\/v2\/pages\/16","targetHints":{"allow":["GET"]}}],"collection":[{"href":"https:\/\/kiga-neuenheim.de\/index.php?rest_route=\/wp\/v2\/pages"}],"about":[{"href":"https:\/\/kiga-neuenheim.de\/index.php?rest_route=\/wp\/v2\/types\/page"}],"author":[{"embeddable":true,"href":"https:\/\/kiga-neuenheim.de\/index.php?rest_route=\/wp\/v2\/users\/1"}],"replies":[{"embeddable":true,"href":"https:\/\/kiga-neuenheim.de\/index.php?rest_route=%2Fwp%2Fv2%2Fcomments&post=16"}],"version-history":[{"count":4,"href":"https:\/\/kiga-neuenheim.de\/index.php?rest_route=\/wp\/v2\/pages\/16\/revisions"}],"predecessor-version":[{"id":493,"href":"https:\/\/kiga-neuenheim.de\/index.php?rest_route=\/wp\/v2\/pages\/16\/revisions\/493"}],"wp:featuredmedia":[{"embeddable":true,"href":"https:\/\/kiga-neuenheim.de\/index.php?rest_route=\/wp\/v2\/media\/75"}],"wp:attachment":[{"href":"https:\/\/kiga-neuenheim.de\/index.php?rest_route=%2Fwp%2Fv2%2Fmedia&parent=16"}],"curies":[{"name":"wp","href":"https:\/\/api.w.org\/{rel}","templated":true}]}}