{"id":18,"date":"2017-04-04T13:48:45","date_gmt":"2017-04-04T13:48:45","guid":{"rendered":"http:\/\/kiga-neuenheim.org\/?page_id=18"},"modified":"2020-10-27T14:05:30","modified_gmt":"2020-10-27T12:05:30","slug":"leitbild","status":"publish","type":"page","link":"https:\/\/kiga-neuenheim.de\/?page_id=18","title":{"rendered":"Unser Leitbild &#038; konzeptioneller Ansatz"},"content":{"rendered":"<p align=\"center\"><b>Spielerisch die Welt entdecken und gemeinsam in ihr wachsen<\/b><\/p>\n<p align=\"center\"><i> Wir begleiten Kinder ganzheitlich zu einer eigenst\u00e4ndigen Pers\u00f6nlichkeit und er\u00f6ffnen ihnen Lebens- und Lernr\u00e4ume in Erg\u00e4nzung und Unterst\u00fctzung der Familie. <\/i><\/p>\n<p>Wir st\u00e4rken das Selbstvertrauen der Kinder, indem wir jedes Kind in seiner Individualit\u00e4t und mit seinem Temperament wertsch\u00e4tzend annehmen.<\/p>\n<p>Wir f\u00f6rdern das Selbstbewusstsein der Kinder, indem wir sie Tag f\u00fcr Tag dabei begleiten, ihre Ideen zu verwirklichen und sie sich im freien Spiel mit anderen Kindern erleben k\u00f6nnen.<\/p>\n<p>Wir wecken die Abenteuerlust und Entdeckerfreude der Kinder, indem wir gemeinsam frei experimentieren und sie anregen, ihre Grenzen auszutesten.<\/p>\n<p>Wir st\u00e4rken das Vertrauen in andere Menschen, indem wir vor den Kindern echt und immer zuverl\u00e4ssig f\u00fcr sie da sind, sie in all ihren Anliegen ernst nehmen und die Kinder darin unterst\u00fctzen, sich gegenseitig zu helfen.<\/p>\n<p>Wir st\u00e4rken Freundschaften, indem wir \u00fcber die Bedeutung von Freunden sprechen, die Kinder in ihrem sozialen Handeln positiv best\u00e4rken und sie Konflikte mit unserer Unterst\u00fctzung selbst l\u00f6sen.<\/p>\n<p>Wir f\u00f6rdern die Offenheit gegen\u00fcber allen Menschen, indem wir als Vorbilder wertfrei handeln, mit den Kindern verschiedene Perspektiven einnehmen und uns mit kultureller Vielfalt besch\u00e4ftigen.<\/p>\n<p>Wir schaffen das Bewusstsein f\u00fcr ein gesundes Leben, indem die Kinder jeden Tag vielf\u00e4ltige M\u00f6glichkeiten haben, sich auszutoben und zu ruhen, wir gemeinsam lecker und gesund essen und dar\u00fcber sprechen.<\/p>\n<p>Wir vermitteln den Kindern Sicherheit und das Gef\u00fchl der Zugeh\u00f6rigkeit, indem wir den Tagesablauf strukturieren und mit ihnen gemeinsame Regeln und Rituale schaffen.<\/p>\n<p>Wir unterst\u00fctzen einen guten \u00dcbergang zu uns in den Kindergarten und in die Schule, indem wir sensibel auf die Gef\u00fchle von Kindern und Eltern eingehen und sie auf den neuen Abschnitt ihres Lebens vorbereiten.<\/p>\n\n\n<p><\/p>\n","protected":false},"excerpt":{"rendered":"<p>Spielerisch die Welt entdecken und gemeinsam in ihr wachsen Wir begleiten Kinder ganzheitlich zu einer eigenst\u00e4ndigen Pers\u00f6nlichkeit und er\u00f6ffnen ihnen Lebens- und Lernr\u00e4ume in Erg\u00e4nzung und Unterst\u00fctzung der Familie. Wir st\u00e4rken das Selbstvertrauen der Kinder, indem wir jedes Kind in seiner Individualit\u00e4t und mit seinem Temperament wertsch\u00e4tzend annehmen. Wir f\u00f6rdern das Selbstbewusstsein der Kinder, indem [&hellip;]<\/p>\n","protected":false},"author":1,"featured_media":70,"parent":0,"menu_order":1,"comment_status":"closed","ping_status":"closed","template":"","meta":{"ngg_post_thumbnail":0,"footnotes":""},"class_list":["post-18","page","type-page","status-publish","has-post-thumbnail","hentry"],"_links":{"self":[{"href":"https:\/\/kiga-neuenheim.de\/index.php?rest_route=\/wp\/v2\/pages\/18","targetHints":{"allow":["GET"]}}],"collection":[{"href":"https:\/\/kiga-neuenheim.de\/index.php?rest_route=\/wp\/v2\/pages"}],"about":[{"href":"https:\/\/kiga-neuenheim.de\/index.php?rest_route=\/wp\/v2\/types\/page"}],"author":[{"embeddable":true,"href":"https:\/\/kiga-neuenheim.de\/index.php?rest_route=\/wp\/v2\/users\/1"}],"replies":[{"embeddable":true,"href":"https:\/\/kiga-neuenheim.de\/index.php?rest_route=%2Fwp%2Fv2%2Fcomments&post=18"}],"version-history":[{"count":3,"href":"https:\/\/kiga-neuenheim.de\/index.php?rest_route=\/wp\/v2\/pages\/18\/revisions"}],"predecessor-version":[{"id":337,"href":"https:\/\/kiga-neuenheim.de\/index.php?rest_route=\/wp\/v2\/pages\/18\/revisions\/337"}],"wp:featuredmedia":[{"embeddable":true,"href":"https:\/\/kiga-neuenheim.de\/index.php?rest_route=\/wp\/v2\/media\/70"}],"wp:attachment":[{"href":"https:\/\/kiga-neuenheim.de\/index.php?rest_route=%2Fwp%2Fv2%2Fmedia&parent=18"}],"curies":[{"name":"wp","href":"https:\/\/api.w.org\/{rel}","templated":true}]}}