{"id":20,"date":"2017-04-04T13:50:43","date_gmt":"2017-04-04T13:50:43","guid":{"rendered":"http:\/\/kiga-neuenheim.org\/?page_id=20"},"modified":"2021-03-07T07:56:12","modified_gmt":"2021-03-07T05:56:12","slug":"elternverein","status":"publish","type":"page","link":"https:\/\/kiga-neuenheim.de\/?page_id=20","title":{"rendered":"Elternverein &#038; Elternmitarbeit"},"content":{"rendered":"<p><strong>Elternverein<br \/>\n<\/strong><\/p>\n<p>Die Zusammenarbeit mit den Eltern ist gefragt und von gro\u00dfer Bedeutung bei uns im Kindergarten. Die Eltern beteiligen sich aktiv am Kindergartenleben. Das ist die beste Gelegenheit f\u00fcr die Eltern, ihre Kinder im Kindergarten zu erleben, andere Familien kennen zu lernen und etwas am Kindergarten mitzugestalten.<\/p>\n<p>Da unsere Einrichtung ein privatrechtlicher Verein ist, m\u00fcssen die Eltern der Kindergartenkinder Mitglieder sein. Das Organ, das \u00fcber alle wichtigen Belange des Kindergartens zu entscheiden hat, ist die Mitgliederversammlung. Der Vorstand des Vereins wird aus der Elternschaft gew\u00e4hlt (bis zu sechs Mitglieder) und arbeitet eng mit dem p\u00e4dagogischen Team zusammen.<\/p>\n<h2>Elternmitarbeit<\/h2>\n<p>Alle Familien im Kindergarten sind Mitglied im Elternverein Kindergarten Neuenheim e.V. Die Zusammenarbeit mit den Eltern ist ausdr\u00fccklich gew\u00fcnscht und wichtig f\u00fcr das Bestehen und die Weiterentwicklung des Kindergartens. Jeder kann sich nach seinen F\u00e4higkeiten und Vorlieben einbringen. Es gibt viele M\u00f6glichkeiten sich einzubringen: Beispiele f\u00fcr die Elternmitarbeit sind: Gartenarbeiten, die Organisation von Flohm\u00e4rkten, Handt\u00fccher \/ Geschirrt\u00fccher waschen, aushilfsweise Kochen oder die Kinderbetreuung w\u00e4hrend der Teamsitzung. Nicht zu vergessen nat\u00fcrlich auch die Mitarbeit im Vorstand. Pro Familie sollen 10 Arbeitsstunden im Kindergartenjahr erbracht werden. Jeder kann sich nat\u00fcrlich eine Aufgabe suchen, die seinem\/ihrem Talent und zeitlichen M\u00f6glichkeiten entspricht.<\/p>\n<p><a href=\"http:\/\/kiga-neuenheim.org\/wp-content\/uploads\/2017\/04\/Satzung-Elternverein-Kindergarten-Neuenheim-eV.pdf\">Satzung Elternverein Kindergarten Neuenheim e.V.<\/a><\/p>\n","protected":false},"excerpt":{"rendered":"<p>Elternverein Die Zusammenarbeit mit den Eltern ist gefragt und von gro\u00dfer Bedeutung bei uns im Kindergarten. Die Eltern beteiligen sich aktiv am Kindergartenleben. Das ist die beste Gelegenheit f\u00fcr die Eltern, ihre Kinder im Kindergarten zu erleben, andere Familien kennen zu lernen und etwas am Kindergarten mitzugestalten. Da unsere Einrichtung ein privatrechtlicher Verein ist, m\u00fcssen [&hellip;]<\/p>\n","protected":false},"author":1,"featured_media":0,"parent":0,"menu_order":9,"comment_status":"closed","ping_status":"closed","template":"","meta":{"ngg_post_thumbnail":0,"footnotes":""},"class_list":["post-20","page","type-page","status-publish","hentry"],"_links":{"self":[{"href":"https:\/\/kiga-neuenheim.de\/index.php?rest_route=\/wp\/v2\/pages\/20","targetHints":{"allow":["GET"]}}],"collection":[{"href":"https:\/\/kiga-neuenheim.de\/index.php?rest_route=\/wp\/v2\/pages"}],"about":[{"href":"https:\/\/kiga-neuenheim.de\/index.php?rest_route=\/wp\/v2\/types\/page"}],"author":[{"embeddable":true,"href":"https:\/\/kiga-neuenheim.de\/index.php?rest_route=\/wp\/v2\/users\/1"}],"replies":[{"embeddable":true,"href":"https:\/\/kiga-neuenheim.de\/index.php?rest_route=%2Fwp%2Fv2%2Fcomments&post=20"}],"version-history":[{"count":6,"href":"https:\/\/kiga-neuenheim.de\/index.php?rest_route=\/wp\/v2\/pages\/20\/revisions"}],"predecessor-version":[{"id":434,"href":"https:\/\/kiga-neuenheim.de\/index.php?rest_route=\/wp\/v2\/pages\/20\/revisions\/434"}],"wp:attachment":[{"href":"https:\/\/kiga-neuenheim.de\/index.php?rest_route=%2Fwp%2Fv2%2Fmedia&parent=20"}],"curies":[{"name":"wp","href":"https:\/\/api.w.org\/{rel}","templated":true}]}}