{"id":42,"date":"2017-04-04T14:29:48","date_gmt":"2017-04-04T14:29:48","guid":{"rendered":"http:\/\/kiga-neuenheim.org\/?page_id=42"},"modified":"2025-08-21T14:45:47","modified_gmt":"2025-08-21T12:45:47","slug":"kontakt-impressum","status":"publish","type":"page","link":"https:\/\/kiga-neuenheim.de\/?page_id=42","title":{"rendered":"Kontakt\/Impressum"},"content":{"rendered":"<p><b>Impressum\/Kontakt<\/b><\/p>\n<table border=\"0\" width=\"100%\">\n<tbody>\n<tr>\n<td valign=\"top\" height=\"133\"><b>Adresse<\/b><br \/>\nKindergarten Neuenheim e.V.<br \/>\nM\u00f6nchhofstra\u00dfe 52<br \/>\n69120 Heidelberg<\/td>\n<td valign=\"top\" width=\"322\" height=\"133\"><b>Kontakt B\u00fcro\/Leitung<\/b><br \/>\nTel. 06221\/480608<br \/>\n<a href=\"mailto:info@kiga-neuenheim.de\">info@kiga-neuenheim.de<\/a>&nbsp;&nbsp;&nbsp;&nbsp;&nbsp;&nbsp;&nbsp;<\/p>\n<p>&nbsp;<\/td>\n<\/tr>\n<tr>\n<td valign=\"top\" height=\"105\"><b>Verein<br \/>\n<\/b>VR 331083 Heidelberg<\/td>\n<td style=\"text-align: right;\" valign=\"top\" width=\"322\" height=\"105\"><b>Vorstand<\/b>&nbsp;<\/p>\n<p>1. Lennart Lenkeit&nbsp; &nbsp;<br \/>\n2. Vorstand Matthias Kr\u00f6ninger<br \/>\n<a href=\"mailto:vorstand@kiga-neuenheim.de\">vorstand@kiga-neuenheim.de<\/a><\/td>\n<\/tr>\n<tr>\n<td valign=\"top\"><b>Homepage<\/b><br \/>\n<a href=\"http:\/\/www.kiga-neuenheim.de\/\">www.kiga-neuenheim.de<\/a><\/td>\n<td valign=\"top\" width=\"322\">&nbsp;<\/td>\n<\/tr>\n<\/tbody>\n<\/table>\n<p><b>Copyright<\/b><\/p>\n<p>Alle hier ver\u00f6ffentlichten Texte und Bilder sind von Eltern der Kindergartenkinder erstellt worden und dienen der Information von interessierten Besuchern. Bitte die Bilder und Text nicht anderweitig verwenden.<\/p>\n","protected":false},"excerpt":{"rendered":"<p>Impressum\/Kontakt Adresse Kindergarten Neuenheim e.V. M\u00f6nchhofstra\u00dfe 52 69120 Heidelberg Kontakt B\u00fcro\/Leitung Tel. 06221\/480608 info@kiga-neuenheim.de&nbsp;&nbsp;&nbsp;&nbsp;&nbsp;&nbsp;&nbsp; &nbsp; Verein VR 331083 Heidelberg Vorstand&nbsp; 1. Lennart Lenkeit&nbsp; &nbsp; 2. Vorstand Matthias Kr\u00f6ninger vorstand@kiga-neuenheim.de Homepage www.kiga-neuenheim.de &nbsp; Copyright Alle hier ver\u00f6ffentlichten Texte und Bilder sind von Eltern der Kindergartenkinder erstellt worden und dienen der Information von interessierten Besuchern. Bitte die [&hellip;]<\/p>\n","protected":false},"author":1,"featured_media":51,"parent":0,"menu_order":13,"comment_status":"closed","ping_status":"closed","template":"","meta":{"ngg_post_thumbnail":0,"footnotes":""},"class_list":["post-42","page","type-page","status-publish","has-post-thumbnail","hentry"],"_links":{"self":[{"href":"https:\/\/kiga-neuenheim.de\/index.php?rest_route=\/wp\/v2\/pages\/42","targetHints":{"allow":["GET"]}}],"collection":[{"href":"https:\/\/kiga-neuenheim.de\/index.php?rest_route=\/wp\/v2\/pages"}],"about":[{"href":"https:\/\/kiga-neuenheim.de\/index.php?rest_route=\/wp\/v2\/types\/page"}],"author":[{"embeddable":true,"href":"https:\/\/kiga-neuenheim.de\/index.php?rest_route=\/wp\/v2\/users\/1"}],"replies":[{"embeddable":true,"href":"https:\/\/kiga-neuenheim.de\/index.php?rest_route=%2Fwp%2Fv2%2Fcomments&post=42"}],"version-history":[{"count":21,"href":"https:\/\/kiga-neuenheim.de\/index.php?rest_route=\/wp\/v2\/pages\/42\/revisions"}],"predecessor-version":[{"id":502,"href":"https:\/\/kiga-neuenheim.de\/index.php?rest_route=\/wp\/v2\/pages\/42\/revisions\/502"}],"wp:featuredmedia":[{"embeddable":true,"href":"https:\/\/kiga-neuenheim.de\/index.php?rest_route=\/wp\/v2\/media\/51"}],"wp:attachment":[{"href":"https:\/\/kiga-neuenheim.de\/index.php?rest_route=%2Fwp%2Fv2%2Fmedia&parent=42"}],"curies":[{"name":"wp","href":"https:\/\/api.w.org\/{rel}","templated":true}]}}