{"id":78,"date":"2017-04-04T14:33:01","date_gmt":"2017-04-04T14:33:01","guid":{"rendered":"http:\/\/kiga-neuenheim.org\/?page_id=78"},"modified":"2020-12-11T12:38:07","modified_gmt":"2020-12-11T10:38:07","slug":"feste","status":"publish","type":"page","link":"https:\/\/kiga-neuenheim.de\/?page_id=78","title":{"rendered":"Feste &#038; Feiern"},"content":{"rendered":"<p>In einem Kindergarten gibt es nat\u00fcrlich immer viel zu feiern, allen voran die Geburtstage der Kinder innerhalb ihrer Stammgruppe. Die Kinder bekommen eine Krone und ein kleines Geschenk. Es wird im Kreis gesungen, gespielt und gelacht und das Geburtstagskind schenkt auch der Gruppe eine Kleinigkeit.<\/p>\n<p>Angelehnt an die Lebenswelt der Kinder gibt es ein Faschingsfest, einen Laternenumzug, Adventsfeiern etc.<\/p>\n<p>Teilweise feiert jede Gruppe f\u00fcr sich, bestimmte Feste feiert aber auch der ganze Kindergarten zusammen. Der unbestreitbare H\u00f6hepunkt ist dabei das gro\u00dfe Sommerfest, welches im Garten gefeiert wird. Zu diesem k\u00f6nnen dann auch alle Omas und Opas mitkommen sowie gro\u00dfe und kleine Geschwister.<\/p>\n<p>Au\u00dferdem hat sich in den letzten Jahren die sch\u00f6ne Tradition etabliert, dass die Kinder den Eltern etwas vorspielen und die Eltern dann auch den Kindern.<\/p>\n<p>Die Daten f\u00fcr unsere Feste &amp; Veranstaltungen k\u00f6nnen Sie einsehen unter der Rubrik <strong><em>Schlie\u00dfzeiten &amp; Termine<\/em><\/strong>.<\/p>\n\n\n<p><\/p>\n","protected":false},"excerpt":{"rendered":"<p>In einem Kindergarten gibt es nat\u00fcrlich immer viel zu feiern, allen voran die Geburtstage der Kinder innerhalb ihrer Stammgruppe. Die Kinder bekommen eine Krone und ein kleines Geschenk. Es wird im Kreis gesungen, gespielt und gelacht und das Geburtstagskind schenkt auch der Gruppe eine Kleinigkeit. Angelehnt an die Lebenswelt der Kinder gibt es ein Faschingsfest, [&hellip;]<\/p>\n","protected":false},"author":1,"featured_media":46,"parent":0,"menu_order":7,"comment_status":"closed","ping_status":"closed","template":"","meta":{"ngg_post_thumbnail":0,"footnotes":""},"class_list":["post-78","page","type-page","status-publish","has-post-thumbnail","hentry"],"_links":{"self":[{"href":"https:\/\/kiga-neuenheim.de\/index.php?rest_route=\/wp\/v2\/pages\/78","targetHints":{"allow":["GET"]}}],"collection":[{"href":"https:\/\/kiga-neuenheim.de\/index.php?rest_route=\/wp\/v2\/pages"}],"about":[{"href":"https:\/\/kiga-neuenheim.de\/index.php?rest_route=\/wp\/v2\/types\/page"}],"author":[{"embeddable":true,"href":"https:\/\/kiga-neuenheim.de\/index.php?rest_route=\/wp\/v2\/users\/1"}],"replies":[{"embeddable":true,"href":"https:\/\/kiga-neuenheim.de\/index.php?rest_route=%2Fwp%2Fv2%2Fcomments&post=78"}],"version-history":[{"count":5,"href":"https:\/\/kiga-neuenheim.de\/index.php?rest_route=\/wp\/v2\/pages\/78\/revisions"}],"predecessor-version":[{"id":367,"href":"https:\/\/kiga-neuenheim.de\/index.php?rest_route=\/wp\/v2\/pages\/78\/revisions\/367"}],"wp:featuredmedia":[{"embeddable":true,"href":"https:\/\/kiga-neuenheim.de\/index.php?rest_route=\/wp\/v2\/media\/46"}],"wp:attachment":[{"href":"https:\/\/kiga-neuenheim.de\/index.php?rest_route=%2Fwp%2Fv2%2Fmedia&parent=78"}],"curies":[{"name":"wp","href":"https:\/\/api.w.org\/{rel}","templated":true}]}}