{"id":8,"date":"2017-04-04T13:39:34","date_gmt":"2017-04-04T13:39:34","guid":{"rendered":"http:\/\/kiga-neuenheim.org\/?page_id=8"},"modified":"2020-10-27T14:47:29","modified_gmt":"2020-10-27T12:47:29","slug":"willkommen","status":"publish","type":"page","link":"https:\/\/kiga-neuenheim.de\/","title":{"rendered":"Willkommen im Kindergarten Neuenheim e.V."},"content":{"rendered":"<p>Der Kindergarten Neuenheim e.V. wurde 1971 als Elterninitiative gegr\u00fcndet &#8211; eine der ersten dieser Art in Heidelberg. Seit der Gr\u00fcndung hat sich vieles ver\u00e4ndert &#8211; das p\u00e4dagogische Konzept ist \u00fcberdacht, die Organisation wurde umgewandelt &#8211; eines aber ist immer geblieben:<\/p>\n<p><em>Die Kinder stehen im Mittelpunkt! Mit ihren Gedanken und Gef\u00fchlen, mit ihren Interessen und Bed\u00fcrfnissen.<\/em><\/p>\n<p><img loading=\"lazy\" decoding=\"async\" class=\"alignnone size-full wp-image-70\" src=\"http:\/\/kiga-neuenheim.org\/wp-content\/uploads\/2017\/04\/j_2014-07-16-13-34-08.jpg\" alt=\"\" width=\"192\" height=\"128\"> <img loading=\"lazy\" decoding=\"async\" class=\"alignnone size-full wp-image-39\" src=\"http:\/\/kiga-neuenheim.org\/wp-content\/uploads\/2017\/04\/j_2013-07-10-09-27-14.jpg\" alt=\"\" width=\"192\" height=\"128\"> <img loading=\"lazy\" decoding=\"async\" class=\"alignnone size-full wp-image-64\" src=\"http:\/\/kiga-neuenheim.org\/wp-content\/uploads\/2017\/04\/j_2013-07-10-16-05-39201-1.jpg\" alt=\"\" width=\"192\" height=\"128\"> <img loading=\"lazy\" decoding=\"async\" class=\"alignnone size-full wp-image-61\" src=\"http:\/\/kiga-neuenheim.org\/wp-content\/uploads\/2017\/04\/j_2013-07-10-09-43-29.jpg\" alt=\"\" width=\"192\" height=\"128\"> <img loading=\"lazy\" decoding=\"async\" class=\"alignnone size-full wp-image-72\" src=\"http:\/\/kiga-neuenheim.org\/wp-content\/uploads\/2017\/04\/j_2014-07-17-14-00-44.jpg\" alt=\"\" width=\"192\" height=\"128\">&nbsp;<img loading=\"lazy\" decoding=\"async\" class=\"alignnone size-full wp-image-67\" src=\"http:\/\/kiga-neuenheim.de\/wp-content\/uploads\/2017\/04\/j_2014-07-16-13-25-28.jpg\" alt=\"\" width=\"192\" height=\"128\"><\/p>\n","protected":false},"excerpt":{"rendered":"<p>Der Kindergarten Neuenheim e.V. wurde 1971 als Elterninitiative gegr\u00fcndet &#8211; eine der ersten dieser Art in Heidelberg. Seit der Gr\u00fcndung hat sich vieles ver\u00e4ndert &#8211; das p\u00e4dagogische Konzept ist \u00fcberdacht, die Organisation wurde umgewandelt &#8211; eines aber ist immer geblieben: Die Kinder stehen im Mittelpunkt! Mit ihren Gedanken und Gef\u00fchlen, mit ihren Interessen und Bed\u00fcrfnissen. [&hellip;]<\/p>\n","protected":false},"author":1,"featured_media":51,"parent":0,"menu_order":0,"comment_status":"closed","ping_status":"closed","template":"","meta":{"ngg_post_thumbnail":0,"footnotes":""},"class_list":["post-8","page","type-page","status-publish","has-post-thumbnail","hentry"],"_links":{"self":[{"href":"https:\/\/kiga-neuenheim.de\/index.php?rest_route=\/wp\/v2\/pages\/8","targetHints":{"allow":["GET"]}}],"collection":[{"href":"https:\/\/kiga-neuenheim.de\/index.php?rest_route=\/wp\/v2\/pages"}],"about":[{"href":"https:\/\/kiga-neuenheim.de\/index.php?rest_route=\/wp\/v2\/types\/page"}],"author":[{"embeddable":true,"href":"https:\/\/kiga-neuenheim.de\/index.php?rest_route=\/wp\/v2\/users\/1"}],"replies":[{"embeddable":true,"href":"https:\/\/kiga-neuenheim.de\/index.php?rest_route=%2Fwp%2Fv2%2Fcomments&post=8"}],"version-history":[{"count":23,"href":"https:\/\/kiga-neuenheim.de\/index.php?rest_route=\/wp\/v2\/pages\/8\/revisions"}],"predecessor-version":[{"id":338,"href":"https:\/\/kiga-neuenheim.de\/index.php?rest_route=\/wp\/v2\/pages\/8\/revisions\/338"}],"wp:featuredmedia":[{"embeddable":true,"href":"https:\/\/kiga-neuenheim.de\/index.php?rest_route=\/wp\/v2\/media\/51"}],"wp:attachment":[{"href":"https:\/\/kiga-neuenheim.de\/index.php?rest_route=%2Fwp%2Fv2%2Fmedia&parent=8"}],"curies":[{"name":"wp","href":"https:\/\/api.w.org\/{rel}","templated":true}]}}