{"id":90,"date":"2017-04-04T14:44:10","date_gmt":"2017-04-04T14:44:10","guid":{"rendered":"http:\/\/kiga-neuenheim.org\/?page_id=90"},"modified":"2025-01-23T15:39:05","modified_gmt":"2025-01-23T13:39:05","slug":"anmeldung","status":"publish","type":"page","link":"https:\/\/kiga-neuenheim.de\/?page_id=90","title":{"rendered":"Voranmeldung &#038; Besichtigung"},"content":{"rendered":"<p>Liebe interessierte Eltern,<\/p>\n<p>wir freuen uns, dass Sie den Elternverein Kindergarten Neuenheim e.V. und unsere Einrichtung kennenlernen m\u00f6chten.<\/p>\n<p>Die Voranmeldung erfolgt f\u00fcr Aufnahmen ab dem 01.09.2025 \u00fcber die &#8222;Zentrale Voranmeldung&#8220;. Den Link und Flyer finden Sie am Ende der Seite. Sie m\u00fcssen sich dort registrieren. Bitte erfassen Sie die Vormerkung f\u00fcr das Kindergartenjahr 2025\/2026 bis sp\u00e4testens 31. Januar 2025. Ab dem 15.02.2025 d\u00fcrfen wir die Pl\u00e4tze vergeben. Sie m\u00fcssen uns die Zusage dann noch innerhalb von 2 Wochen best\u00e4tigen. Sie erhalten hierzu automatisch eine E-Mail.<\/p>\n<p>Wenn Sie die Einrichtung besichtigen m\u00f6chten, kontaktieren Sie uns bitte direkt. Am besten \u00fcber unsere Email Adresse info@kiga-neuenheim.de.<\/p>\n<p>Die Kindergartengeb\u00fchren richten sich seit dem 01.09.2021 nach dem Heidelberger Entgeltsystem mit Geschwistererm\u00e4\u00dfigung, angepasst an unsere individuellen \u00d6ffnungs- und Betreuungszeiten sowie Schlie\u00dftage.<\/p>\n<p>Ihr Kindergarten Neuenheim e.V.<\/p>\n<p><b>Link zur zentralen Vormerkung (externer Inhalt):<\/b><br \/>\n<a href=\"https:\/\/kita-hd.meinkind.de\/familie\/kitaprofil-id_is_174.html\" target=\"_blank\" rel=\"noopener noreferrer\">kitaweb-bw.de<\/a><\/p>\n<p><a href=\"http:\/\/kiga-neuenheim.de\/wp-content\/uploads\/2021\/03\/Flyer.pdf\">Flyer<\/a><\/p>\n","protected":false},"excerpt":{"rendered":"<p>Liebe interessierte Eltern, wir freuen uns, dass Sie den Elternverein Kindergarten Neuenheim e.V. und unsere Einrichtung kennenlernen m\u00f6chten. Die Voranmeldung erfolgt f\u00fcr Aufnahmen ab dem 01.09.2025 \u00fcber die &#8222;Zentrale Voranmeldung&#8220;. Den Link und Flyer finden Sie am Ende der Seite. Sie m\u00fcssen sich dort registrieren. Bitte erfassen Sie die Vormerkung f\u00fcr das Kindergartenjahr 2025\/2026 bis [&hellip;]<\/p>\n","protected":false},"author":1,"featured_media":39,"parent":0,"menu_order":9,"comment_status":"closed","ping_status":"closed","template":"","meta":{"ngg_post_thumbnail":0,"footnotes":""},"class_list":["post-90","page","type-page","status-publish","has-post-thumbnail","hentry"],"_links":{"self":[{"href":"https:\/\/kiga-neuenheim.de\/index.php?rest_route=\/wp\/v2\/pages\/90","targetHints":{"allow":["GET"]}}],"collection":[{"href":"https:\/\/kiga-neuenheim.de\/index.php?rest_route=\/wp\/v2\/pages"}],"about":[{"href":"https:\/\/kiga-neuenheim.de\/index.php?rest_route=\/wp\/v2\/types\/page"}],"author":[{"embeddable":true,"href":"https:\/\/kiga-neuenheim.de\/index.php?rest_route=\/wp\/v2\/users\/1"}],"replies":[{"embeddable":true,"href":"https:\/\/kiga-neuenheim.de\/index.php?rest_route=%2Fwp%2Fv2%2Fcomments&post=90"}],"version-history":[{"count":26,"href":"https:\/\/kiga-neuenheim.de\/index.php?rest_route=\/wp\/v2\/pages\/90\/revisions"}],"predecessor-version":[{"id":496,"href":"https:\/\/kiga-neuenheim.de\/index.php?rest_route=\/wp\/v2\/pages\/90\/revisions\/496"}],"wp:featuredmedia":[{"embeddable":true,"href":"https:\/\/kiga-neuenheim.de\/index.php?rest_route=\/wp\/v2\/media\/39"}],"wp:attachment":[{"href":"https:\/\/kiga-neuenheim.de\/index.php?rest_route=%2Fwp%2Fv2%2Fmedia&parent=90"}],"curies":[{"name":"wp","href":"https:\/\/api.w.org\/{rel}","templated":true}]}}